{"id":239336,"date":"2023-01-31T15:49:02","date_gmt":"2023-01-31T14:49:02","guid":{"rendered":"https:\/\/thefactorystudio.net\/sobre-nosotros\/"},"modified":"2023-06-20T22:20:06","modified_gmt":"2023-06-20T20:20:06","slug":"sobre-nosotros","status":"publish","type":"page","link":"https:\/\/thefactorystudio.net\/es\/sobre-nosotros\/","title":{"rendered":"Sobre Nosotros"},"content":{"rendered":"<p>[et_pb_section fb_built=\u00bb1&#8243; fullwidth=\u00bbon\u00bb _builder_version=\u00bb4.19.5&#8243; _module_preset=\u00bbdefault\u00bb global_colors_info=\u00bb{}\u00bb][et_pb_fullwidth_image title_text=\u00bbFactory &#8211; The Factory Studio_47_2&#8243; _builder_version=\u00bb4.21.0&#8243; _module_preset=\u00bb6c9d64aa-712f-4a53-9088-972132f76637&#8243; background_image=\u00bbhttps:\/\/thefactorystudio.net\/wp-content\/uploads\/2023\/05\/Factory-The-Factory-Studio_47_2.jpg\u00bb background_enable_video_mp4=\u00bboff\u00bb global_colors_info=\u00bb{}\u00bb][\/et_pb_fullwidth_image][\/et_pb_section][et_pb_section fb_built=\u00bb1&#8243; _builder_version=\u00bb4.19.5&#8243; _module_preset=\u00bbdefault\u00bb global_colors_info=\u00bb{}\u00bb][et_pb_row _builder_version=\u00bb4.21.0&#8243; _module_preset=\u00bb0c77f9a5-0cad-4c4a-8d7a-9658103df5de\u00bb global_colors_info=\u00bb{}\u00bb][et_pb_column type=\u00bb4_4&#8243; _builder_version=\u00bb4.19.5&#8243; _module_preset=\u00bbdefault\u00bb global_colors_info=\u00bb{}\u00bb][et_pb_blurb title=\u00bbNUESTRA MISI\u00d3N\u00bb admin_label=\u00bbBlurb Title (h2)\u00bb _builder_version=\u00bb4.21.0&#8243; _module_preset=\u00bbe82ca1a5-2698-45a3-be60-72000ebf3dd5&#8243; global_colors_info=\u00bb{}\u00bb][\/et_pb_blurb][\/et_pb_column][\/et_pb_row][\/et_pb_section][et_pb_section fb_built=\u00bb1&#8243; _builder_version=\u00bb4.19.5&#8243; _module_preset=\u00bbdefault\u00bb background_color=\u00bb#E0D8C3&#8243; global_colors_info=\u00bb{}\u00bb][et_pb_row use_custom_gutter=\u00bbon\u00bb admin_label=\u00bbRow Title\u00bb _builder_version=\u00bb4.19.5&#8243; _module_preset=\u00bb922613f2-bbb2-4c88-bb49-86bf15011091&#8243; global_colors_info=\u00bb{}\u00bb][et_pb_column type=\u00bb4_4&#8243; _builder_version=\u00bb4.19.5&#8243; _module_preset=\u00bbdefault\u00bb global_colors_info=\u00bb{}\u00bb][et_pb_blurb title=\u00bbServimos con calidad en la confecci\u00f3n: m\u00e1s de 25 a\u00f1os de experiencia.\u00bb admin_label=\u00bbBlurb Title (h3)\u00bb _builder_version=\u00bb4.19.5&#8243; _module_preset=\u00bbe48b9285-9846-47f5-a327-5ab8c931e35f\u00bb global_colors_info=\u00bb{}\u00bb][\/et_pb_blurb][\/et_pb_column][\/et_pb_row][\/et_pb_section][et_pb_section fb_built=\u00bb1&#8243; _builder_version=\u00bb4.19.5&#8243; _module_preset=\u00bbdefault\u00bb global_colors_info=\u00bb{}\u00bb][et_pb_row column_structure=\u00bb1_2,1_2&#8243; admin_label=\u00bbRow\u00bb module_class=\u00bbreverse-columns-mobile\u00bb _builder_version=\u00bb4.19.5&#8243; _module_preset=\u00bbdefault\u00bb global_colors_info=\u00bb{}\u00bb][et_pb_column type=\u00bb1_2&#8243; _builder_version=\u00bb4.19.5&#8243; _module_preset=\u00bbdefault\u00bb global_colors_info=\u00bb{}\u00bb][et_pb_text admin_label=\u00bbText\u00bb _builder_version=\u00bb4.21.0&#8243; _module_preset=\u00bbdefault\u00bb global_colors_info=\u00bb{}\u00bb]<\/p>\n<p>THE FACTORY STUDIO es una empresa de confecci\u00f3n especializada en chaquetas y abrigos de vestir con muchos a\u00f1os de experiencia en el sector de la moda.<\/p>\n<p>Nuestra capacidad de producci\u00f3n diaria es a partir de 500 prendas, contamos con 350 empleados e invertimos constantemente en nueva maquinaria, I+D y tecnolog\u00eda.<\/p>\n<p>Tenemos un gran conocimiento en el proceso completo para la confecci\u00f3n impecable de tu prenda.<\/p>\n<p>El EQUIPO DE PATRONAJE trabaja muy de cerca en todo el proceso hasta el control de calidad.<\/p>\n<p>Y el EQUIPO DE PRODUCCI\u00d3N est\u00e1 dedicado a servir el tejido y fornituras m\u00e1s adecuadas desde el muestrario hasta el proceso de producci\u00f3n con una coordinaci\u00f3n excelente.<\/p>\n<p>[\/et_pb_text][\/et_pb_column][et_pb_column type=\u00bb1_2&#8243; _builder_version=\u00bb4.19.5&#8243; _module_preset=\u00bbdefault\u00bb global_colors_info=\u00bb{}\u00bb][et_pb_gallery gallery_ids=\u00bb238785,238786,238790,238634,238788,238789,238787&#8243; _builder_version=\u00bb4.21.0&#8243; _module_preset=\u00bbaaa1722f-089f-4eed-ba9b-76b908938f33&#8243; pagination_text_color=\u00bb#2B2E34&#8243; global_colors_info=\u00bb{}\u00bb][\/et_pb_gallery][et_pb_image src=\u00bbhttps:\/\/thefactorystudio.net\/wp-content\/uploads\/2023\/01\/about-01.jpg\u00bb title_text=\u00bbabout-01&#8243; disabled_on=\u00bbon|on|on\u00bb _builder_version=\u00bb4.21.0&#8243; _module_preset=\u00bbdefault\u00bb disabled=\u00bbon\u00bb global_colors_info=\u00bb{}\u00bb][\/et_pb_image][\/et_pb_column][\/et_pb_row][\/et_pb_section][et_pb_section fb_built=\u00bb1&#8243; _builder_version=\u00bb4.19.5&#8243; _module_preset=\u00bbdefault\u00bb background_color=\u00bb#E0D8C3&#8243; global_colors_info=\u00bb{}\u00bb][et_pb_row admin_label=\u00bbRow Title\u00bb _builder_version=\u00bb4.19.5&#8243; _module_preset=\u00bb922613f2-bbb2-4c88-bb49-86bf15011091&#8243; global_colors_info=\u00bb{}\u00bb][et_pb_column type=\u00bb4_4&#8243; _builder_version=\u00bb4.19.5&#8243; _module_preset=\u00bbdefault\u00bb global_colors_info=\u00bb{}\u00bb][et_pb_blurb title=\u00bb100% confianza que cumplimos y entregamos en el plazo acordado con una excelente calidad.\u00bb admin_label=\u00bbBlurb Title (h3)\u00bb _builder_version=\u00bb4.19.5&#8243; _module_preset=\u00bbe48b9285-9846-47f5-a327-5ab8c931e35f\u00bb global_colors_info=\u00bb{}\u00bb][\/et_pb_blurb][\/et_pb_column][\/et_pb_row][\/et_pb_section][et_pb_section fb_built=\u00bb1&#8243; _builder_version=\u00bb4.19.5&#8243; _module_preset=\u00bbdefault\u00bb global_colors_info=\u00bb{}\u00bb][et_pb_row column_structure=\u00bb1_2,1_2&#8243; _builder_version=\u00bb4.21.0&#8243; _module_preset=\u00bbdefault\u00bb global_colors_info=\u00bb{}\u00bb][et_pb_column type=\u00bb1_2&#8243; _builder_version=\u00bb4.21.0&#8243; _module_preset=\u00bbdefault\u00bb custom_padding_tablet=\u00bb||30px||false|false\u00bb custom_padding_phone=\u00bb||30px||false|false\u00bb custom_padding_last_edited=\u00bbon|tablet\u00bb global_colors_info=\u00bb{}\u00bb][et_pb_gallery gallery_ids=\u00bb238450,238635,238640,238636,238638,238783,238784&#8243; _builder_version=\u00bb4.21.0&#8243; _module_preset=\u00bbaaa1722f-089f-4eed-ba9b-76b908938f33&#8243; global_colors_info=\u00bb{}\u00bb][\/et_pb_gallery][et_pb_image src=\u00bbhttps:\/\/thefactorystudio.net\/wp-content\/uploads\/2023\/05\/Factory-The-Factory-Studio_41.jpg\u00bb title_text=\u00bbFactory &#8211; The Factory Studio_41&#8243; disabled_on=\u00bbon|on|on\u00bb _builder_version=\u00bb4.21.0&#8243; _module_preset=\u00bbdefault\u00bb image_aspect_ratio=\u00bb4\/3&#8243; disabled=\u00bbon\u00bb global_colors_info=\u00bb{}\u00bb image_aspect_ratio_last_edited=\u00bboff|desktop\u00bb image_aspect_ratio_tablet=\u00bb4\/3&#8243; image_aspect_ratio_phone=\u00bb4\/3&#8243;][\/et_pb_image][\/et_pb_column][et_pb_column type=\u00bb1_2&#8243; _builder_version=\u00bb4.19.5&#8243; _module_preset=\u00bbdefault\u00bb global_colors_info=\u00bb{}\u00bb][et_pb_blurb title=\u00bbADN\u00bb admin_label=\u00bbBlurb (h4)\u00bb _builder_version=\u00bb4.21.0&#8243; _module_preset=\u00bbf18a247f-3350-4c00-844d-e196eda74801&#8243; custom_css_blurb_title=\u00bbpadding-bottom: 18px;\u00bb global_colors_info=\u00bb{}\u00bb]<\/p>\n<p>Tenemos pasi\u00f3n por la calidad en la confecci\u00f3n y experiencia en chaquetas y abrigos impecables y con una perfecci\u00f3n en los detalles. Confeccionamos una chaqueta de ajuste perfecto con todos los detalles y calidad. Podemos proveer todo el proceso: tejido, patronaje, fornituras, dise\u00f1o, etiquetado, planchado y transporte a cualquier pa\u00eds en Europa.<\/p>\n<p>[\/et_pb_blurb][\/et_pb_column][\/et_pb_row][\/et_pb_section][et_pb_section fb_built=\u00bb1&#8243; _builder_version=\u00bb4.19.5&#8243; _module_preset=\u00bbdefault\u00bb background_color=\u00bb#E0D8C3&#8243; global_colors_info=\u00bb{}\u00bb][et_pb_row admin_label=\u00bbRow Title\u00bb _builder_version=\u00bb4.19.5&#8243; _module_preset=\u00bb922613f2-bbb2-4c88-bb49-86bf15011091&#8243; global_colors_info=\u00bb{}\u00bb][et_pb_column type=\u00bb4_4&#8243; _builder_version=\u00bb4.19.5&#8243; _module_preset=\u00bbdefault\u00bb global_colors_info=\u00bb{}\u00bb][et_pb_blurb title=\u00bbPrendas exclusivas bajo pedido sin exigencia de cantidades m\u00ednimas.\u00bb admin_label=\u00bbBlurb Title (h3)\u00bb _builder_version=\u00bb4.19.5&#8243; _module_preset=\u00bbe48b9285-9846-47f5-a327-5ab8c931e35f\u00bb global_colors_info=\u00bb{}\u00bb][\/et_pb_blurb][\/et_pb_column][\/et_pb_row][\/et_pb_section][et_pb_section fb_built=\u00bb1&#8243; _builder_version=\u00bb4.19.5&#8243; _module_preset=\u00bbdefault\u00bb global_colors_info=\u00bb{}\u00bb][et_pb_row column_structure=\u00bb1_2,1_2&#8243; module_class=\u00bbreverse-columns-mobile\u00bb _builder_version=\u00bb4.19.5&#8243; _module_preset=\u00bbdefault\u00bb global_colors_info=\u00bb{}\u00bb][et_pb_column type=\u00bb1_2&#8243; _builder_version=\u00bb4.19.5&#8243; _module_preset=\u00bbdefault\u00bb global_colors_info=\u00bb{}\u00bb][et_pb_blurb title=\u00bbHERENCIA\u00bb admin_label=\u00bbBlurb (h4)\u00bb _builder_version=\u00bb4.21.0&#8243; _module_preset=\u00bbf18a247f-3350-4c00-844d-e196eda74801&#8243; custom_css_blurb_title=\u00bbpadding-bottom: 18px;\u00bb global_colors_info=\u00bb{}\u00bb]<\/p>\n<p>The Factory Studio es un negocio familiar con una herencia de padre a hijo. El fundador es un ingeniero textil que se mud\u00f3 de Europa con su mujer e hijo y se instal\u00f3 en Marruecos, T\u00e1nger.<\/p>\n<p>El equipo altamente calificado tiene una larga experiencia con entrenamiento en la propia f\u00e1brica desde hace m\u00e1s de 25 a\u00f1os. Un conocimiento que ha pasado de generaci\u00f3n a generaci\u00f3n.<\/p>\n<p>[\/et_pb_blurb][\/et_pb_column][et_pb_column type=\u00bb1_2&#8243; _builder_version=\u00bb4.19.5&#8243; _module_preset=\u00bbdefault\u00bb global_colors_info=\u00bb{}\u00bb][et_pb_image src=\u00bbhttps:\/\/thefactorystudio.net\/wp-content\/uploads\/2023\/05\/Factory-The-Factory-Studio_24.jpg\u00bb title_text=\u00bbFactory &#8211; The Factory Studio_24&#8243; _builder_version=\u00bb4.21.0&#8243; _module_preset=\u00bbdefault\u00bb image_aspect_ratio=\u00bb4\/3&#8243; global_colors_info=\u00bb{}\u00bb image_aspect_ratio_last_edited=\u00bboff|desktop\u00bb image_aspect_ratio_tablet=\u00bb4\/3&#8243; image_aspect_ratio_phone=\u00bb4\/3&#8243;][\/et_pb_image][\/et_pb_column][\/et_pb_row][\/et_pb_section][et_pb_section fb_built=\u00bb1&#8243; _builder_version=\u00bb4.19.5&#8243; _module_preset=\u00bbdefault\u00bb background_color=\u00bb#E0D8C3&#8243; global_colors_info=\u00bb{}\u00bb][et_pb_row admin_label=\u00bbRow Title\u00bb _builder_version=\u00bb4.19.5&#8243; _module_preset=\u00bb922613f2-bbb2-4c88-bb49-86bf15011091&#8243; global_colors_info=\u00bb{}\u00bb][et_pb_column type=\u00bb4_4&#8243; _builder_version=\u00bb4.19.5&#8243; _module_preset=\u00bbdefault\u00bb global_colors_info=\u00bb{}\u00bb][et_pb_blurb title=\u00bbServicio 360\u00ba: Muestrario, patronaje, tejidos, corte y confecci\u00f3n, fornituras, control de calidad, acabados, embolsado y transporte.\u00bb admin_label=\u00bbBlurb Title (h3)\u00bb _builder_version=\u00bb4.19.5&#8243; _module_preset=\u00bbe48b9285-9846-47f5-a327-5ab8c931e35f\u00bb global_colors_info=\u00bb{}\u00bb][\/et_pb_blurb][\/et_pb_column][\/et_pb_row][\/et_pb_section][et_pb_section fb_built=\u00bb1&#8243; disabled_on=\u00bbon|on|on\u00bb _builder_version=\u00bb4.21.0&#8243; _module_preset=\u00bbdefault\u00bb disabled=\u00bbon\u00bb global_colors_info=\u00bb{}\u00bb][et_pb_row _builder_version=\u00bb4.21.0&#8243; _module_preset=\u00bbdefault\u00bb width=\u00bb100%\u00bb max_width=\u00bb100%\u00bb custom_padding=\u00bb5rem||4.4rem||false|false\u00bb global_colors_info=\u00bb{}\u00bb][et_pb_column type=\u00bb4_4&#8243; _builder_version=\u00bb4.21.0&#8243; _module_preset=\u00bbdefault\u00bb global_colors_info=\u00bb{}\u00bb][et_pb_gallery gallery_ids=\u00bb238641,238638,238636,238637,238640,238635,238639,238634,238783,238784&#8243; posts_number=\u00bb1000&#8243; show_title_and_caption=\u00bboff\u00bb show_pagination=\u00bboff\u00bb disabled_on=\u00bboff|off|off\u00bb admin_label=\u00bbGSAP Horizontal Gallery Scroll\u00bb module_class=\u00bbgsap-horizontal-scroll-trigger-gallery-container\u00bb _builder_version=\u00bb4.21.0&#8243; _module_preset=\u00bbdefault\u00bb global_colors_info=\u00bb{}\u00bb][\/et_pb_gallery][\/et_pb_column][\/et_pb_row][\/et_pb_section]<\/p>\n","protected":false},"excerpt":{"rendered":"<p>THE FACTORY STUDIO es una empresa de confecci\u00f3n especializada en chaquetas y abrigos de vestir con muchos a\u00f1os de experiencia en el sector de la moda. Nuestra capacidad de producci\u00f3n diaria es a partir de 500 prendas, contamos con 350 empleados e invertimos constantemente en nueva maquinaria, I+D y tecnolog\u00eda. Tenemos un gran conocimiento en [&hellip;]<\/p>\n","protected":false},"author":2,"featured_media":0,"parent":0,"menu_order":2,"comment_status":"closed","ping_status":"closed","template":"","meta":{"_et_pb_use_builder":"on","_et_pb_old_content":"","_et_gb_content_width":"","footnotes":""},"class_list":["post-239336","page","type-page","status-publish","hentry"],"_links":{"self":[{"href":"https:\/\/thefactorystudio.net\/es\/wp-json\/wp\/v2\/pages\/239336","targetHints":{"allow":["GET"]}}],"collection":[{"href":"https:\/\/thefactorystudio.net\/es\/wp-json\/wp\/v2\/pages"}],"about":[{"href":"https:\/\/thefactorystudio.net\/es\/wp-json\/wp\/v2\/types\/page"}],"author":[{"embeddable":true,"href":"https:\/\/thefactorystudio.net\/es\/wp-json\/wp\/v2\/users\/2"}],"replies":[{"embeddable":true,"href":"https:\/\/thefactorystudio.net\/es\/wp-json\/wp\/v2\/comments?post=239336"}],"version-history":[{"count":2,"href":"https:\/\/thefactorystudio.net\/es\/wp-json\/wp\/v2\/pages\/239336\/revisions"}],"predecessor-version":[{"id":239338,"href":"https:\/\/thefactorystudio.net\/es\/wp-json\/wp\/v2\/pages\/239336\/revisions\/239338"}],"wp:attachment":[{"href":"https:\/\/thefactorystudio.net\/es\/wp-json\/wp\/v2\/media?parent=239336"}],"curies":[{"name":"wp","href":"https:\/\/api.w.org\/{rel}","templated":true}]}}