{"id":239342,"date":"2023-01-31T16:51:23","date_gmt":"2023-01-31T15:51:23","guid":{"rendered":"https:\/\/thefactorystudio.net\/servicios\/"},"modified":"2024-02-03T12:28:29","modified_gmt":"2024-02-03T11:28:29","slug":"servicios","status":"publish","type":"page","link":"https:\/\/thefactorystudio.net\/es\/servicios\/","title":{"rendered":"Servicios"},"content":{"rendered":"<p>[et_pb_section fb_built=\u00bb1&#8243; fullwidth=\u00bbon\u00bb _builder_version=\u00bb4.19.5&#8243; _module_preset=\u00bbdefault\u00bb global_colors_info=\u00bb{}\u00bb][et_pb_fullwidth_image src=\u00bbhttps:\/\/thefactorystudio.net\/wp-content\/uploads\/2023\/05\/Factory-The-Factory-Studio_32_1920x530.jpg\u00bb title_text=\u00bbFactory &#8211; The Factory Studio_32_1920x530&#8243; _builder_version=\u00bb4.21.0&#8243; _module_preset=\u00bb6c9d64aa-712f-4a53-9088-972132f76637&#8243; global_colors_info=\u00bb{}\u00bb][\/et_pb_fullwidth_image][\/et_pb_section][et_pb_section fb_built=\u00bb1&#8243; _builder_version=\u00bb4.19.5&#8243; _module_preset=\u00bbdefault\u00bb global_colors_info=\u00bb{}\u00bb][et_pb_row admin_label=\u00bbRow\u00bb _builder_version=\u00bb4.19.5&#8243; _module_preset=\u00bbdefault\u00bb global_colors_info=\u00bb{}\u00bb][et_pb_column type=\u00bb4_4&#8243; _builder_version=\u00bb4.19.5&#8243; _module_preset=\u00bbdefault\u00bb global_colors_info=\u00bb{}\u00bb][et_pb_blurb title=\u00bbNUESTRO VALOR\u00bb admin_label=\u00bbBlurb Title (h2)\u00bb _builder_version=\u00bb4.21.0&#8243; _module_preset=\u00bbe82ca1a5-2698-45a3-be60-72000ebf3dd5&#8243; global_colors_info=\u00bb{}\u00bb][\/et_pb_blurb][\/et_pb_column][\/et_pb_row][\/et_pb_section][et_pb_section fb_built=\u00bb1&#8243; _builder_version=\u00bb4.19.5&#8243; _module_preset=\u00bbdefault\u00bb background_color=\u00bb#E0D8C3&#8243; locked=\u00bboff\u00bb global_colors_info=\u00bb{}\u00bb][et_pb_row admin_label=\u00bbRow Title\u00bb _builder_version=\u00bb4.19.5&#8243; _module_preset=\u00bb922613f2-bbb2-4c88-bb49-86bf15011091&#8243; global_colors_info=\u00bb{}\u00bb][et_pb_column type=\u00bb4_4&#8243; _builder_version=\u00bb4.19.5&#8243; _module_preset=\u00bbdefault\u00bb global_colors_info=\u00bb{}\u00bb][et_pb_blurb admin_label=\u00bbBlurb Title (h3)\u00bb _builder_version=\u00bb4.21.0&#8243; _module_preset=\u00bbe48b9285-9846-47f5-a327-5ab8c931e35f\u00bb global_colors_info=\u00bb{}\u00bb]<\/p>\n<h3 class=\"fd-mar-bot-x03\">Costureras altamente calificadas y con experiencia<\/h3>\n<h3 class=\"fd-mar-bot-x03\">Negocio familiar<\/h3>\n<h3 class=\"fd-mar-bot-x03\">Cuidado en el arte de la confecci\u00f3n<\/h3>\n<h3 class=\"fd-mar-bot-x03\">Clientes a largo plazo que conf\u00edan en nuestro servicio<\/h3>\n<h3 class=\"fd-mar-bot-x03\">Estamos certificados con GOTS, GRS, BCSI y RCS<\/h3>\n<p>[\/et_pb_blurb][dipl_logo_slider logo_per_slide=\u00bb3&#8243; slides_per_group=\u00bb3&#8243; autoplay=\u00bboff\u00bb show_arrow=\u00bboff\u00bb show_control_dot=\u00bboff\u00bb logo_per_slide_tablet=\u00bb3&#8243; logo_per_slide_phone=\u00bb2&#8243; logo_per_slide_last_edited=\u00bbon|phone\u00bb slides_per_group_tablet=\u00bb3&#8243; slides_per_group_phone=\u00bb2&#8243; slides_per_group_last_edited=\u00bbon|phone\u00bb disabled_on=\u00bbon|off|off\u00bb admin_label=\u00bbDP Logo Slider Service Desktop\u00bb _builder_version=\u00bb4.21.0&#8243; _module_preset=\u00bb7720792a-f65b-4f9b-ac83-222ab77a5b2a\u00bb width_tablet=\u00bb70%\u00bb width_phone=\u00bb90%\u00bb width_last_edited=\u00bbon|phone\u00bb hover_enabled=\u00bb0&#8243; global_module=\u00bb238964&#8243; saved_tabs=\u00bball\u00bb global_colors_info=\u00bb{}\u00bb sticky_enabled=\u00bb0&#8243;][dipl_logo_slider_item logo_alt=\u00bbGRS &#8211; Global Recycled Standard\u00bb upload_logo_image=\u00bbhttps:\/\/thefactorystudio.net\/wp-content\/uploads\/2023\/02\/logo_GRS.png\u00bb _builder_version=\u00bb4.21.0&#8243; _module_preset=\u00bbdefault\u00bb background_color=\u00bb#E0D8C3&#8243; hover_enabled=\u00bb0&#8243; global_colors_info=\u00bb{}\u00bb sticky_enabled=\u00bb0&#8243;][\/dipl_logo_slider_item][dipl_logo_slider_item logo_alt=\u00bbRCS \u2013 Responsible Down Standard\u00bb upload_logo_image=\u00bbhttps:\/\/thefactorystudio.net\/wp-content\/uploads\/2023\/02\/logo_RDS.png\u00bb _builder_version=\u00bb4.21.0&#8243; _module_preset=\u00bbdefault\u00bb background_color=\u00bb#E0D8C3&#8243; global_colors_info=\u00bb{}\u00bb][\/dipl_logo_slider_item][dipl_logo_slider_item logo_alt=\u00bbBCSI \u2013 Business Social Compliance Initiative\u00bb upload_logo_image=\u00bbhttps:\/\/thefactorystudio.net\/wp-content\/uploads\/2023\/05\/certificado_logo_BSCI.png\u00bb _builder_version=\u00bb4.21.0&#8243; _module_preset=\u00bbdefault\u00bb background_color=\u00bb#E0D8C3&#8243; global_colors_info=\u00bb{}\u00bb][\/dipl_logo_slider_item][\/dipl_logo_slider][dipl_logo_slider logo_per_slide=\u00bb3&#8243; slides_per_group=\u00bb3&#8243; autoplay_speed=\u00bb1000&#8243; arrow_font_size=\u00bb14px\u00bb arrow_color=\u00bb#2B2E34&#8243; control_dot_active_color=\u00bb#2B2E34&#8243; control_dot_inactive_color=\u00bbrgba(43,46,52,0.4)\u00bb logo_per_slide_tablet=\u00bb3&#8243; logo_per_slide_phone=\u00bb2&#8243; logo_per_slide_last_edited=\u00bbon|phone\u00bb slides_per_group_tablet=\u00bb3&#8243; slides_per_group_phone=\u00bb2&#8243; slides_per_group_last_edited=\u00bbon|phone\u00bb _builder_version=\u00bb4.21.0&#8243; _module_preset=\u00bb7720792a-f65b-4f9b-ac83-222ab77a5b2a\u00bb width_tablet=\u00bb70%\u00bb width_phone=\u00bb90%\u00bb width_last_edited=\u00bbon|phone\u00bb hover_enabled=\u00bb0&#8243; global_module=\u00bb238964&#8243; saved_tabs=\u00bball\u00bb global_colors_info=\u00bb{}\u00bb sticky_enabled=\u00bb0&#8243; slider_loop=\u00bbon\u00bb pause_on_hover=\u00bboff\u00bb arrows_position=\u00bboutside\u00bb disabled_on=\u00bboff|on|on\u00bb admin_label=\u00bbDP Logo Slider Service Mobile\u00bb][dipl_logo_slider_item logo_alt=\u00bbGRS &#8211; Global Recycled Standard\u00bb upload_logo_image=\u00bbhttps:\/\/thefactorystudio.net\/wp-content\/uploads\/2023\/02\/logo_GRS.png\u00bb _builder_version=\u00bb4.21.0&#8243; _module_preset=\u00bbdefault\u00bb background_color=\u00bb#E0D8C3&#8243; hover_enabled=\u00bb0&#8243; global_colors_info=\u00bb{}\u00bb sticky_enabled=\u00bb0&#8243;][\/dipl_logo_slider_item][dipl_logo_slider_item logo_alt=\u00bbRCS \u2013 Responsible Down Standard\u00bb upload_logo_image=\u00bbhttps:\/\/thefactorystudio.net\/wp-content\/uploads\/2023\/02\/logo_RDS.png\u00bb _builder_version=\u00bb4.21.0&#8243; _module_preset=\u00bbdefault\u00bb background_color=\u00bb#E0D8C3&#8243; global_colors_info=\u00bb{}\u00bb][\/dipl_logo_slider_item][dipl_logo_slider_item logo_alt=\u00bbBCSI \u2013 Business Social Compliance Initiative\u00bb upload_logo_image=\u00bbhttps:\/\/thefactorystudio.net\/wp-content\/uploads\/2023\/05\/certificado_logo_BSCI.png\u00bb _builder_version=\u00bb4.21.0&#8243; _module_preset=\u00bbdefault\u00bb background_color=\u00bb#E0D8C3&#8243; global_colors_info=\u00bb{}\u00bb][\/dipl_logo_slider_item][\/dipl_logo_slider][\/et_pb_column][\/et_pb_row][\/et_pb_section][et_pb_section fb_built=\u00bb1&#8243; _builder_version=\u00bb4.21.0&#8243; _module_preset=\u00bbdefault\u00bb background_video_mp4=\u00bbhttps:\/\/thefactorystudio.net\/wp-content\/uploads\/2023\/06\/TFS_video_services_1.mp4&#8243; custom_padding=\u00bb25vw||25vw||true|false\u00bb global_colors_info=\u00bb{}\u00bb][et_pb_row disabled_on=\u00bbon|on|on\u00bb _builder_version=\u00bb4.21.0&#8243; _module_preset=\u00bbdefault\u00bb custom_padding=\u00bb5rem||1rem||false|false\u00bb disabled=\u00bbon\u00bb global_colors_info=\u00bb{}\u00bb][et_pb_column type=\u00bb4_4&#8243; _builder_version=\u00bb4.21.0&#8243; _module_preset=\u00bbdefault\u00bb global_colors_info=\u00bb{}\u00bb][et_pb_video _builder_version=\u00bb4.21.0&#8243; _module_preset=\u00bbdefault\u00bb global_colors_info=\u00bb{}\u00bb][\/et_pb_video][\/et_pb_column][\/et_pb_row][\/et_pb_section][et_pb_section fb_built=\u00bb1&#8243; _builder_version=\u00bb4.19.5&#8243; _module_preset=\u00bbdefault\u00bb global_colors_info=\u00bb{}\u00bb][et_pb_row column_structure=\u00bb2_3,1_3&#8243; make_equal=\u00bbon\u00bb _builder_version=\u00bb4.21.0&#8243; _module_preset=\u00bbdefault\u00bb custom_padding=\u00bb5rem||4.4rem||false|false\u00bb global_colors_info=\u00bb{}\u00bb][et_pb_column type=\u00bb2_3&#8243; _builder_version=\u00bb4.21.0&#8243; _module_preset=\u00bbdefault\u00bb global_colors_info=\u00bb{}\u00bb][et_pb_blurb title=\u00bbOfrecemos 3 opciones de confecci\u00f3n y forma de producir:\u00bb admin_label=\u00bbBlurb (h4)\u00bb _builder_version=\u00bb4.21.0&#8243; _module_preset=\u00bbf18a247f-3350-4c00-844d-e196eda74801&#8243; locked=\u00bboff\u00bb global_colors_info=\u00bb{}\u00bb][\/et_pb_blurb][et_pb_blurb title=\u00bbSolo Confecci\u00f3n \u00bb image=\u00bbhttps:\/\/thefactorystudio.net\/wp-content\/uploads\/2023\/02\/ico_1.svg\u00bb admin_label=\u00bbBlurb (left-icon-txt-box)\u00bb _builder_version=\u00bb4.21.0&#8243; _module_preset=\u00bbf89968dd-fc16-4302-a532-f1ba83791431&#8243; global_colors_info=\u00bb{}\u00bb]<\/p>\n<p>El cliente env\u00eda todo el material y solo confeccionamos.<\/p>\n<p>[\/et_pb_blurb][et_pb_blurb title=\u00bbSubcontrataci\u00f3n \u00bb image=\u00bbhttps:\/\/thefactorystudio.net\/wp-content\/uploads\/2023\/02\/ico_2.svg\u00bb admin_label=\u00bbBlurb (left-icon-txt-box)\u00bb _builder_version=\u00bb4.21.0&#8243; _module_preset=\u00bbf89968dd-fc16-4302-a532-f1ba83791431&#8243; global_colors_info=\u00bb{}\u00bb]El cliente env\u00eda, espec\u00edfica o explica el tipo de tejido que desea y nosotros nos encargamos de los dem\u00e1s materiales (forros, fornituras, etiquetas y acabados).[\/et_pb_blurb][et_pb_blurb title=\u00bbProducto acabado\u00bb image=\u00bbhttps:\/\/thefactorystudio.net\/wp-content\/uploads\/2023\/02\/ico_3.svg\u00bb admin_label=\u00bbBlurb (left-icon-txt-box)\u00bb _builder_version=\u00bb4.21.0&#8243; _module_preset=\u00bbf89968dd-fc16-4302-a532-f1ba83791431&#8243; background_color=\u00bbRGBA(255,255,255,0)\u00bb global_colors_info=\u00bb{}\u00bb]<\/p>\n<p>Hacemos el proceso completo en 360\u00ba y vendemos un producto acabado con todo incluido.<\/p>\n<p>[\/et_pb_blurb][\/et_pb_column][et_pb_column type=\u00bb1_3&#8243; _builder_version=\u00bb4.21.0&#8243; _module_preset=\u00bbdefault\u00bb background_image=\u00bbhttps:\/\/thefactorystudio.net\/wp-content\/uploads\/2023\/05\/Factory-The-Factory-Studio_36.jpg\u00bb background_enable_video_mp4=\u00bboff\u00bb background_video_pause_outside_viewport=\u00bboff\u00bb global_colors_info=\u00bb{}\u00bb][\/et_pb_column][\/et_pb_row][\/et_pb_section]<\/p>\n","protected":false},"excerpt":{"rendered":"<p>Costureras altamente calificadas y con experiencia Negocio familiar Cuidado en el arte de la confecci\u00f3n Clientes a largo plazo que conf\u00edan en nuestro servicio Estamos certificados con GOTS, GRS, BCSI y RCS<div class=\"et_pb_module dipl_logo_slider dipl_logo_slider_0\">\n\t\t\t\t\n\t\t\t\t\n\t\t\t\t\n\t\t\t\t\n\t\t\t\t\n\t\t\t\t\n\t\t\t\t<div class=\"et_pb_module_inner\">\n\t\t\t\t\t<div class=\"dipl_swiper_wrapper\"><div class=\"dipl_logo_slider_wrapper dipl_swiper_inner_wrap dipl_slide_center\"><div class=\"swiper-container\"><div class=\"swiper-wrapper\"><\/div> <!-- swiper-wrapper --><\/div> <!-- swiper-container --><\/div> <!-- dipl_logo_slider_wrapper --><\/div> <!--- dipl_swiper_wrapper --><script>jQuery(function($) {var dipl_logo_slider_0_swiper = new Swiper('.dipl_logo_slider_0 .swiper-container', {\n                            slidesPerView: \u00bb3&#8243;,\n                            slidesPerGroup: \u00bb3&#8243;,\n                            slidesPerGroupSkip: 0,\n                            autoplay: 0,\n                            spaceBetween: 15,\n                            speed: 1000,\n                            loop: false,\n                            pagination: false,\n                            navigation: false,\n                            grabCursor: 'true',\n                            observer: true,\n\t\t\t\t\t\t\tobserveParents: true,\n                            breakpoints: {\n                            \t981: {\n\t\t                          \tslidesPerView: \u00bb3&#8243;,\n\t\t                          \tspaceBetween: 15,\n                            \t\tslidesPerGroup: \u00bb3&#8243;,\n                            \t\tslidesPerGroupSkip: 0,\n\t\t                        },\n\t\t                        768: {\n\t\t                          \tslidesPerView: 3,\n\t\t                          \tspaceBetween: 15,\n\t\t                          \tslidesPerGroup: \u00bb3&#8243;,\n                            \t\tslidesPerGroupSkip: 0,\n\t\t                        },\n\t\t                        0: {\n\t\t                          \tslidesPerView: 1,\n\t\t                          \tspaceBetween: 15,\n\t\t                          \tslidesPerGroup: \u00bb3&#8243;,\n                            \t\tslidesPerGroupSkip: 0,\n\t\t                        }\n\t\t                    },\n                    });dipl_logo_slider_0_swiper.on('reachEnd', function(){\n                            dipl_logo_slider_0_swiper.autoplay = false;\n                        });});<\/script>\n\t\t\t\t<\/div>\n\t\t\t<\/div><\/p>\n","protected":false},"author":2,"featured_media":0,"parent":0,"menu_order":4,"comment_status":"closed","ping_status":"closed","template":"","meta":{"_et_pb_use_builder":"on","_et_pb_old_content":"","_et_gb_content_width":"","footnotes":""},"class_list":["post-239342","page","type-page","status-publish","hentry"],"_links":{"self":[{"href":"https:\/\/thefactorystudio.net\/es\/wp-json\/wp\/v2\/pages\/239342","targetHints":{"allow":["GET"]}}],"collection":[{"href":"https:\/\/thefactorystudio.net\/es\/wp-json\/wp\/v2\/pages"}],"about":[{"href":"https:\/\/thefactorystudio.net\/es\/wp-json\/wp\/v2\/types\/page"}],"author":[{"embeddable":true,"href":"https:\/\/thefactorystudio.net\/es\/wp-json\/wp\/v2\/users\/2"}],"replies":[{"embeddable":true,"href":"https:\/\/thefactorystudio.net\/es\/wp-json\/wp\/v2\/comments?post=239342"}],"version-history":[{"count":15,"href":"https:\/\/thefactorystudio.net\/es\/wp-json\/wp\/v2\/pages\/239342\/revisions"}],"predecessor-version":[{"id":239384,"href":"https:\/\/thefactorystudio.net\/es\/wp-json\/wp\/v2\/pages\/239342\/revisions\/239384"}],"wp:attachment":[{"href":"https:\/\/thefactorystudio.net\/es\/wp-json\/wp\/v2\/media?parent=239342"}],"curies":[{"name":"wp","href":"https:\/\/api.w.org\/{rel}","templated":true}]}}