{"id":239392,"date":"2023-01-31T16:54:44","date_gmt":"2023-01-31T15:54:44","guid":{"rendered":"https:\/\/thefactorystudio.net\/contacto\/"},"modified":"2023-06-29T13:47:08","modified_gmt":"2023-06-29T11:47:08","slug":"contacto","status":"publish","type":"page","link":"https:\/\/thefactorystudio.net\/es\/contacto\/","title":{"rendered":"Contacto"},"content":{"rendered":"<p>[et_pb_section fb_built=\u00bb1&#8243; fullwidth=\u00bbon\u00bb _builder_version=\u00bb4.19.5&#8243; _module_preset=\u00bbdefault\u00bb global_colors_info=\u00bb{}\u00bb][et_pb_fullwidth_image src=\u00bbhttps:\/\/thefactorystudio.net\/wp-content\/uploads\/2023\/05\/Factory-The-Factory-Studio_29_4.jpg\u00bb title_text=\u00bbFactory &#8211; The Factory Studio_29_4&#8243; disabled_on=\u00bbon|on|on\u00bb _builder_version=\u00bb4.21.0&#8243; _module_preset=\u00bb6c9d64aa-712f-4a53-9088-972132f76637&#8243; max_height=\u00bb900px\u00bb disabled=\u00bbon\u00bb global_colors_info=\u00bb{}\u00bb][\/et_pb_fullwidth_image][et_pb_fullwidth_header title=\u00bb<a href=%22&#109;&#x61;&#x69;l&#116;&#x6f;:&#105;&#x6e;&#x66;o&#64;&#x74;h&#101;&#x66;&#x61;c&#116;&#x6f;r&#121;&#x73;&#x74;&#117;&#100;&#x69;o&#46;&#x6e;&#x65;&#116;%22>\u00a1Trabajemos juntos!<\/a>\u00bb text_orientation=\u00bbcenter\u00bb button_one_url=\u00bb&#x6d;&#97;&#x69;&#x6c;&#116;&#x6f;&#x3a;&#37;&#x32;&#x32;&#105;&#x6e;&#x66;o&#x40;&#x74;h&#x65;&#102;a&#x63;&#116;o&#x72;&#121;s&#x74;&#117;d&#x69;&#111;&#46;&#x6e;&#101;t%22 \u00bb module_class=\u00bbtitle-link\u00bb _builder_version=\u00bb4.21.0&#8243; _module_preset=\u00bbdefault\u00bb title_font=\u00bb|700|||||||\u00bb title_text_color=\u00bb#FFFFFF\u00bb background_color=\u00bbRGBA(255,255,255,0)\u00bb background_image=\u00bbhttps:\/\/thefactorystudio.net\/wp-content\/uploads\/2023\/05\/Factory-The-Factory-Studio_29_2.jpg\u00bb custom_button_one=\u00bbon\u00bb button_one_text_size=\u00bb42px\u00bb button_one_text_color=\u00bb#FFFFFF\u00bb button_one_border_color=\u00bb#FFFFFF\u00bb button_one_font=\u00bb|600|||||||\u00bb button_one_use_icon=\u00bboff\u00bb button_one_custom_padding=\u00bb0px||0px||false|false\u00bb max_height=\u00bb400px\u00bb custom_padding=\u00bb11.5%||11%||false|false\u00bb hover_enabled=\u00bb0&#8243; box_shadow_style_button_one=\u00bbpreset1&#8243; box_shadow_color_button_one=\u00bb#FFFFFF\u00bb text_shadow_style=\u00bbpreset2&#8243; text_shadow_color=\u00bbrgba(112,112,112,0.3)\u00bb global_colors_info=\u00bb{}\u00bb sticky_enabled=\u00bb0&#8243;][\/et_pb_fullwidth_header][\/et_pb_section][et_pb_section fb_built=\u00bb1&#8243; _builder_version=\u00bb4.19.5&#8243; _module_preset=\u00bbdefault\u00bb locked=\u00bboff\u00bb global_colors_info=\u00bb{}\u00bb][et_pb_row column_structure=\u00bb1_2,1_2&#8243; make_equal=\u00bbon\u00bb _builder_version=\u00bb4.21.0&#8243; _module_preset=\u00bbdefault\u00bb custom_padding=\u00bb5rem||4.4rem||false|false\u00bb global_colors_info=\u00bb{}\u00bb][et_pb_column type=\u00bb1_2&#8243; _builder_version=\u00bb4.19.5&#8243; _module_preset=\u00bbdefault\u00bb global_colors_info=\u00bb{}\u00bb][et_pb_blurb title=\u00bb\u00a1Hola! Escr\u00edbenos por aqu\u00ed cu\u00e1les son tus necesidades y estaremos encantados en contestarte lo antes posible.\u00bb admin_label=\u00bbBlurb (h4)\u00bb _builder_version=\u00bb4.19.5&#8243; _module_preset=\u00bbf18a247f-3350-4c00-844d-e196eda74801&#8243; locked=\u00bboff\u00bb global_colors_info=\u00bb{}\u00bb][\/et_pb_blurb][et_pb_contact_form use_spam_service=\u00bbon\u00bb recaptcha_list=\u00bbtthefactorystudio|tthefactorystudio-0&#8243; em&#97;&#105;&#x6c;&#x3d;\u00bbin&#102;&#111;&#x40;&#x74;&#x68;&#x65;fa&#99;&#116;&#111;&#x72;&#x79;&#x73;&#x74;ud&#105;&#111;&#x2e;&#x6e;&#x65;&#x74;\u00bb custom_message=\u00bbFrom: %%Name%%||et_pb_line_break_holder||Email: %%Email%%||et_pb_line_break_holder||||et_pb_line_break_holder||Message:||et_pb_line_break_holder||%%Message%%||et_pb_line_break_holder||||et_pb_line_break_holder||This email has been sent from the web: thefactorystudio.net, section %22Contact%22 page.\u00bb _builder_version=\u00bb4.21.0&#8243; _module_preset=\u00bbdefault\u00bb hover_enabled=\u00bb0&#8243; border_radii=\u00bbon|4px|4px|4px|4px\u00bb border_width_all=\u00bb2px\u00bb global_colors_info=\u00bb{}\u00bb submit_button_text=\u00bbENVIAR\u00bb sticky_enabled=\u00bb0&#8243;][et_pb_contact_field field_id=\u00bbName\u00bb field_title=\u00bbNombre\u00bb _builder_version=\u00bb4.19.5&#8243; global_colors_info=\u00bb{}\u00bb button_text_size__hover_enabled=\u00bboff\u00bb button_one_text_size__hover_enabled=\u00bboff\u00bb button_two_text_size__hover_enabled=\u00bboff\u00bb button_text_color__hover_enabled=\u00bboff\u00bb button_one_text_color__hover_enabled=\u00bboff\u00bb button_two_text_color__hover_enabled=\u00bboff\u00bb button_border_width__hover_enabled=\u00bboff\u00bb button_one_border_width__hover_enabled=\u00bboff\u00bb button_two_border_width__hover_enabled=\u00bboff\u00bb button_border_color__hover_enabled=\u00bboff\u00bb button_one_border_color__hover_enabled=\u00bboff\u00bb button_two_border_color__hover_enabled=\u00bboff\u00bb button_border_radius__hover_enabled=\u00bboff\u00bb button_one_border_radius__hover_enabled=\u00bboff\u00bb button_two_border_radius__hover_enabled=\u00bboff\u00bb button_letter_spacing__hover_enabled=\u00bboff\u00bb button_one_letter_spacing__hover_enabled=\u00bboff\u00bb button_two_letter_spacing__hover_enabled=\u00bboff\u00bb button_bg_color__hover_enabled=\u00bboff\u00bb button_one_bg_color__hover_enabled=\u00bboff\u00bb button_two_bg_color__hover_enabled=\u00bboff\u00bb][\/et_pb_contact_field][et_pb_contact_field field_id=\u00bbEmail\u00bb field_title=\u00bbCorreo electr\u00f3nico\u00bb field_type=\u00bbemail\u00bb _builder_version=\u00bb4.16&#8243; global_colors_info=\u00bb{}\u00bb button_text_size__hover_enabled=\u00bboff\u00bb button_one_text_size__hover_enabled=\u00bboff\u00bb button_two_text_size__hover_enabled=\u00bboff\u00bb button_text_color__hover_enabled=\u00bboff\u00bb button_one_text_color__hover_enabled=\u00bboff\u00bb button_two_text_color__hover_enabled=\u00bboff\u00bb button_border_width__hover_enabled=\u00bboff\u00bb button_one_border_width__hover_enabled=\u00bboff\u00bb button_two_border_width__hover_enabled=\u00bboff\u00bb button_border_color__hover_enabled=\u00bboff\u00bb button_one_border_color__hover_enabled=\u00bboff\u00bb button_two_border_color__hover_enabled=\u00bboff\u00bb button_border_radius__hover_enabled=\u00bboff\u00bb button_one_border_radius__hover_enabled=\u00bboff\u00bb button_two_border_radius__hover_enabled=\u00bboff\u00bb button_letter_spacing__hover_enabled=\u00bboff\u00bb button_one_letter_spacing__hover_enabled=\u00bboff\u00bb button_two_letter_spacing__hover_enabled=\u00bboff\u00bb button_bg_color__hover_enabled=\u00bboff\u00bb button_one_bg_color__hover_enabled=\u00bboff\u00bb button_two_bg_color__hover_enabled=\u00bboff\u00bb][\/et_pb_contact_field][et_pb_contact_field field_id=\u00bbMessage\u00bb field_title=\u00bbMensaje\u00bb field_type=\u00bbtext\u00bb fullwidth_field=\u00bbon\u00bb _builder_version=\u00bb4.19.5&#8243; global_colors_info=\u00bb{}\u00bb button_text_size__hover_enabled=\u00bboff\u00bb button_one_text_size__hover_enabled=\u00bboff\u00bb button_two_text_size__hover_enabled=\u00bboff\u00bb button_text_color__hover_enabled=\u00bboff\u00bb button_one_text_color__hover_enabled=\u00bboff\u00bb button_two_text_color__hover_enabled=\u00bboff\u00bb button_border_width__hover_enabled=\u00bboff\u00bb button_one_border_width__hover_enabled=\u00bboff\u00bb button_two_border_width__hover_enabled=\u00bboff\u00bb button_border_color__hover_enabled=\u00bboff\u00bb button_one_border_color__hover_enabled=\u00bboff\u00bb button_two_border_color__hover_enabled=\u00bboff\u00bb button_border_radius__hover_enabled=\u00bboff\u00bb button_one_border_radius__hover_enabled=\u00bboff\u00bb button_two_border_radius__hover_enabled=\u00bboff\u00bb button_letter_spacing__hover_enabled=\u00bboff\u00bb button_one_letter_spacing__hover_enabled=\u00bboff\u00bb button_two_letter_spacing__hover_enabled=\u00bboff\u00bb button_bg_color__hover_enabled=\u00bboff\u00bb button_one_bg_color__hover_enabled=\u00bboff\u00bb button_two_bg_color__hover_enabled=\u00bboff\u00bb][\/et_pb_contact_field][et_pb_contact_field field_id=\u00bbPrivacy_Policy\u00bb field_title=\u00bbPol\u00edtica de privacidad\u00bb field_type=\u00bbcheckbox\u00bb checkbox_options=\u00bb%91{%22value%22:%22He le\u00eddo y acepto la Pol\u00edtica de privacidad%22,%22checked%22:0,%22dragID%22:-1}%93&#8243; fullwidth_field=\u00bbon\u00bb _builder_version=\u00bb4.19.5&#8243; _module_preset=\u00bbdefault\u00bb global_colors_info=\u00bb{}\u00bb][\/et_pb_contact_field][\/et_pb_contact_form][\/et_pb_column][et_pb_column type=\u00bb1_2&#8243; _builder_version=\u00bb4.19.5&#8243; _module_preset=\u00bbdefault\u00bb global_colors_info=\u00bb{}\u00bb][et_pb_blurb title=\u00bbTHE FACTORY STUDIO\u00bb admin_label=\u00bbBlurb\u00bb _builder_version=\u00bb4.21.0&#8243; _module_preset=\u00bbdefault\u00bb header_level=\u00bbh5&#8243; global_colors_info=\u00bb{}\u00bb]<\/p>\n<p><a href=\"&#109;&#97;&#x69;l&#116;&#x6f;&#x3a;i&#110;&#x66;&#x6f;&#64;&#116;&#x68;e&#102;&#x61;&#x63;t&#111;&#x72;&#x79;s&#116;&#x75;d&#105;&#x6f;&#x2e;n&#101;&#x74;\">&#x69;&#x6e;&#102;o&#x40;&#x74;&#x68;&#101;f&#x61;&#x63;&#x74;&#111;r&#x79;&#x73;&#x74;&#117;d&#x69;&#x6f;&#x2e;&#110;e&#x74;<\/a><\/p>\n<p>[\/et_pb_blurb][et_pb_blurb title=\u00bbPari Garment Sarl\u00bb _builder_version=\u00bb4.21.0&#8243; _module_preset=\u00bbdefault\u00bb header_level=\u00bbh5&#8243; global_colors_info=\u00bb{}\u00bb]<\/p>\n<p>Zone Franche d\u2019Exportation<br \/>Ilot 61 Lot No 7 90100 Tanger<br \/>Marruecos<\/p>\n<p>[\/et_pb_blurb][et_pb_map address=\u00bbLot 7 Zone Franche d&#8217;exportation\u060c Tanger 90100, Marruecos\u00bb zoom_level=\u00bb15&#8243; address_lat=\u00bb35.762400677737&#8243; address_lng=\u00bb-5.8348005761962&#8243; _builder_version=\u00bb4.21.0&#8243; _module_preset=\u00bbdefault\u00bb global_colors_info=\u00bb{}\u00bb][et_pb_map_pin pin_address=\u00bbLot 7 Zone Franche d&#8217;exportation\u060c Tanger 90100, Marruecos\u00bb zoom_level=\u00bb14&#8243; pin_address_lat=\u00bb35.7595061&#8243; pin_address_lng=\u00bb-5.8340281&#8243; _builder_version=\u00bb4.21.0&#8243; _module_preset=\u00bbdefault\u00bb global_colors_info=\u00bb{}\u00bb]<\/p>\n<p style=\"text-align: center;\"><img decoding=\"async\" class=\"wp-image-239046 alignnone aligncenter\" src=\"https:\/\/thefactorystudio.net\/wp-content\/uploads\/2023\/06\/TFS_icono-300x300.jpg\" alt=\"The Factory Studio\" width=\"53\" height=\"51\"><strong>Pari Garment Sarl<\/strong><br \/>Zone Franche d\u2019Exportation<br \/>Ilot 61 Lot No 7 90100 Tanger<br \/>Marruecos<\/p>\n<p>[\/et_pb_map_pin][\/et_pb_map][\/et_pb_column][\/et_pb_row][\/et_pb_section]<\/p>\n","protected":false},"excerpt":{"rendered":"<p>&#x69;&#110;f&#x6f;&#64;&#116;&#x68;&#x65;&#102;a&#x63;&#116;o&#x72;&#x79;&#115;t&#x75;&#100;i&#x6f;&#x2e;&#110;e&#x74;&#90;o&#x6e;&#x65; Franche d\u2019ExportationIlot 61 Lot No 7 90100 TangerMarruecosPari Garment SarlZone Franche d\u2019ExportationIlot 61 Lot No 7 90100 TangerMarruecos<\/p>\n","protected":false},"author":2,"featured_media":0,"parent":0,"menu_order":6,"comment_status":"closed","ping_status":"closed","template":"","meta":{"_et_pb_use_builder":"on","_et_pb_old_content":"","_et_gb_content_width":"","footnotes":""},"class_list":["post-239392","page","type-page","status-publish","hentry"],"_links":{"self":[{"href":"https:\/\/thefactorystudio.net\/es\/wp-json\/wp\/v2\/pages\/239392","targetHints":{"allow":["GET"]}}],"collection":[{"href":"https:\/\/thefactorystudio.net\/es\/wp-json\/wp\/v2\/pages"}],"about":[{"href":"https:\/\/thefactorystudio.net\/es\/wp-json\/wp\/v2\/types\/page"}],"author":[{"embeddable":true,"href":"https:\/\/thefactorystudio.net\/es\/wp-json\/wp\/v2\/users\/2"}],"replies":[{"embeddable":true,"href":"https:\/\/thefactorystudio.net\/es\/wp-json\/wp\/v2\/comments?post=239392"}],"version-history":[{"count":21,"href":"https:\/\/thefactorystudio.net\/es\/wp-json\/wp\/v2\/pages\/239392\/revisions"}],"predecessor-version":[{"id":239554,"href":"https:\/\/thefactorystudio.net\/es\/wp-json\/wp\/v2\/pages\/239392\/revisions\/239554"}],"wp:attachment":[{"href":"https:\/\/thefactorystudio.net\/es\/wp-json\/wp\/v2\/media?parent=239392"}],"curies":[{"name":"wp","href":"https:\/\/api.w.org\/{rel}","templated":true}]}}