{"id":239463,"date":"2023-05-11T15:22:19","date_gmt":"2023-05-11T13:22:19","guid":{"rendered":"https:\/\/thefactorystudio.net\/creditos\/"},"modified":"2024-02-03T12:28:31","modified_gmt":"2024-02-03T11:28:31","slug":"creditos","status":"publish","type":"page","link":"https:\/\/thefactorystudio.net\/es\/creditos\/","title":{"rendered":"Cr\u00e9ditos"},"content":{"rendered":"<p>[et_pb_section fb_built=\u00bb1&#8243; _builder_version=\u00bb4.21.0&#8243; _module_preset=\u00bb01ea40f7-2b86-4a20-a650-73fce4faed06&#8243; global_colors_info=\u00bb{}\u00bb][et_pb_row _builder_version=\u00bb4.21.0&#8243; _module_preset=\u00bbdefault\u00bb custom_padding=\u00bb||3rem||false|false\u00bb global_colors_info=\u00bb{}\u00bb][et_pb_column type=\u00bb4_4&#8243; _builder_version=\u00bb4.19.5&#8243; _module_preset=\u00bbdefault\u00bb global_colors_info=\u00bb{}\u00bb][et_pb_blurb title=\u00bbCR\u00c9DITOS\u00bb admin_label=\u00bbBlurb Title (h2)\u00bb _builder_version=\u00bb4.21.0&#8243; _module_preset=\u00bbe82ca1a5-2698-45a3-be60-72000ebf3dd5&#8243; global_colors_info=\u00bb{}\u00bb][\/et_pb_blurb][et_pb_text _builder_version=\u00bb4.21.0&#8243; _module_preset=\u00bbdefault\u00bb global_colors_info=\u00bb{}\u00bb]<\/p>\n<div class=\"credit-box\">\n<div>\n<table style=\"border: none; border-collapse: collapse; width: 100%;\" border=\"0\">\n<tbody>\n<tr>\n<td style=\"width: 48.7957%; text-align: right; border: none; padding: 6px 0px;\"><strong>Dise\u00f1o gr\u00e1fico<\/strong><\/td>\n<td style=\"width: 2.24719%; border: none; padding: 6px 0px;\"> <\/td>\n<td style=\"width: 49%; border: none; padding: 6px 0;\"><a href=\"http:\/\/marcelabellanet.com\/\" target=\"_blank\" rel=\"noopener\">Marcel Abellanet<\/a><\/td>\n<\/tr>\n<tr>\n<td style=\"width: 48.7957%; text-align: right; border: none; padding: 6px 0px;\"><strong>Programaci\u00f3n<\/strong><\/td>\n<td style=\"width: 2.24719%; border: none; padding: 6px 0px;\"> <\/td>\n<td style=\"width: 49%; border: none; padding: 6px 0;\"><a href=\"http:\/\/ferydesign.com\/\" target=\"_blank\" rel=\"noopener\">Fery Rohrer<\/a><\/td>\n<\/tr>\n<\/tbody>\n<\/table>\n<\/div>\n<\/div>\n<p>[\/et_pb_text][\/et_pb_column][\/et_pb_row][\/et_pb_section]<\/p>\n","protected":false},"excerpt":{"rendered":"<p>Dise\u00f1o gr\u00e1fico Marcel Abellanet Programaci\u00f3n Fery Rohrer<\/p>\n","protected":false},"author":2,"featured_media":0,"parent":0,"menu_order":1001,"comment_status":"closed","ping_status":"closed","template":"","meta":{"_et_pb_use_builder":"on","_et_pb_old_content":"","_et_gb_content_width":"","footnotes":""},"class_list":["post-239463","page","type-page","status-publish","hentry"],"_links":{"self":[{"href":"https:\/\/thefactorystudio.net\/es\/wp-json\/wp\/v2\/pages\/239463","targetHints":{"allow":["GET"]}}],"collection":[{"href":"https:\/\/thefactorystudio.net\/es\/wp-json\/wp\/v2\/pages"}],"about":[{"href":"https:\/\/thefactorystudio.net\/es\/wp-json\/wp\/v2\/types\/page"}],"author":[{"embeddable":true,"href":"https:\/\/thefactorystudio.net\/es\/wp-json\/wp\/v2\/users\/2"}],"replies":[{"embeddable":true,"href":"https:\/\/thefactorystudio.net\/es\/wp-json\/wp\/v2\/comments?post=239463"}],"version-history":[{"count":7,"href":"https:\/\/thefactorystudio.net\/es\/wp-json\/wp\/v2\/pages\/239463\/revisions"}],"predecessor-version":[{"id":239684,"href":"https:\/\/thefactorystudio.net\/es\/wp-json\/wp\/v2\/pages\/239463\/revisions\/239684"}],"wp:attachment":[{"href":"https:\/\/thefactorystudio.net\/es\/wp-json\/wp\/v2\/media?parent=239463"}],"curies":[{"name":"wp","href":"https:\/\/api.w.org\/{rel}","templated":true}]}}