{"id":239590,"date":"2023-07-16T16:51:27","date_gmt":"2023-07-16T14:51:27","guid":{"rendered":"https:\/\/thefactorystudio.net\/?page_id=239590"},"modified":"2023-07-16T17:11:36","modified_gmt":"2023-07-16T15:11:36","slug":"politica-de-privacidad","status":"publish","type":"page","link":"https:\/\/thefactorystudio.net\/es\/politica-de-privacidad\/","title":{"rendered":"Pol\u00edtica de Privacidad"},"content":{"rendered":"<p>[et_pb_section fb_built=\u00bb1&#8243; _builder_version=\u00bb4.21.0&#8243; _module_preset=\u00bb01ea40f7-2b86-4a20-a650-73fce4faed06&#8243; global_colors_info=\u00bb{}\u00bb][et_pb_row _builder_version=\u00bb4.21.0&#8243; _module_preset=\u00bbdefault\u00bb global_colors_info=\u00bb{}\u00bb][et_pb_column type=\u00bb4_4&#8243; _builder_version=\u00bb4.21.0&#8243; _module_preset=\u00bbdefault\u00bb global_colors_info=\u00bb{}\u00bb][et_pb_blurb title=\u00bb@ET-DC@eyJkeW5hbWljIjp0cnVlLCJjb250ZW50IjoicG9zdF90aXRsZSIsInNldHRpbmdzIjp7ImJlZm9yZSI6IiIsImFmdGVyIjoiIn19@\u00bb admin_label=\u00bbBlurb Title (h2)\u00bb _builder_version=\u00bb4.21.0&#8243; _dynamic_attributes=\u00bbtitle\u00bb _module_preset=\u00bbe82ca1a5-2698-45a3-be60-72000ebf3dd5&#8243; locked=\u00bboff\u00bb global_colors_info=\u00bb{}\u00bb][\/et_pb_blurb][et_pb_text _builder_version=\u00bb4.21.0&#8243; _module_preset=\u00bbdefault\u00bb hover_enabled=\u00bb0&#8243; global_colors_info=\u00bb{}\u00bb sticky_enabled=\u00bb0&#8243;]<\/p>\n<h2>Qui\u00e9nes somos<\/h2>\n<p>Nuestra direcci\u00f3n de sitio web es: https:\/\/thefactorystudio.net.<\/p>\n<h2>Comentarios<\/h2>\n<p>Cuando los visitantes dejan comentarios en el sitio, recopilamos los datos que se muestran en el formulario de comentarios, as\u00ed como la direcci\u00f3n IP del visitante y la cadena del agente de usuario del navegador para ayudar a detectar el correo no deseado.<\/p>\n<p>Se puede proporcionar una cadena anonimizada creada a partir de su direcci\u00f3n de correo electr\u00f3nico (tambi\u00e9n llamada hash) al servicio Gravatar para ver si lo est\u00e1 utilizando. La pol\u00edtica de privacidad del servicio Gravatar est\u00e1 disponible aqu\u00ed: https:\/\/automattic.com\/privacy\/. Despu\u00e9s de aprobar su comentario, su imagen de perfil ser\u00e1 visible para el p\u00fablico en el contexto de su comentario.<\/p>\n<h2>Medios de comunicaci\u00f3n<\/h2>\n<p>Si subes im\u00e1genes al sitio web, debes evitar subir im\u00e1genes con datos de ubicaci\u00f3n incrustados (EXIF GPS). Los visitantes del sitio web pueden descargar y extraer cualquier dato de ubicaci\u00f3n de las im\u00e1genes del sitio web.<\/p>\n<h2>Cookies<\/h2>\n<p>Si dejas un comentario en nuestro sitio, puedes optar por guardar tu nombre, direcci\u00f3n de correo electr\u00f3nico y sitio web en cookies. Estas son para tu conveniencia, para que no tengas que volver a completar tus datos cuando dejes otro comentario. Estas cookies durar\u00e1n un a\u00f1o.<\/p>\n<p>Si visitas nuestra p\u00e1gina de inicio de sesi\u00f3n, configuraremos una cookie temporal para determinar si tu navegador acepta cookies. Esta cookie no contiene datos personales y se descarta cuando cierras tu navegador.<\/p>\n<p>Cuando inicias sesi\u00f3n, tambi\u00e9n configuramos varias cookies para guardar tu informaci\u00f3n de inicio de sesi\u00f3n y tus opciones de visualizaci\u00f3n de pantalla. Las cookies de inicio de sesi\u00f3n duran dos d\u00edas y las cookies de opciones de pantalla duran un a\u00f1o. Si seleccionas \u00abRecordarme\u00bb, tu inicio de sesi\u00f3n persistir\u00e1 durante dos semanas. Si cierras sesi\u00f3n en tu cuenta, las cookies de inicio de sesi\u00f3n se eliminar\u00e1n.<\/p>\n<p>Si editas o publicas un art\u00edculo, se guardar\u00e1 una cookie adicional en tu navegador. Esta cookie no contiene datos personales y simplemente indica el ID de la publicaci\u00f3n del art\u00edculo que acabas de editar. Expira despu\u00e9s de 1 d\u00eda.<\/p>\n<h2>Contenido incrustado de otros sitios web<\/h2>\n<p>Los art\u00edculos de este sitio pueden incluir contenido incrustado (por ejemplo, videos, im\u00e1genes, art\u00edculos, etc.). El contenido incrustado de otros sitios web se comporta de la misma manera que si el visitante hubiera visitado el otro sitio web.<\/p>\n<p>Estos sitios web pueden recopilar datos sobre ti, utilizar cookies, incrustar seguimiento adicional de terceros y supervisar tu interacci\u00f3n con ese contenido incrustado, incluido el seguimiento de tu interacci\u00f3n con el contenido incrustado si tienes una cuenta y has iniciado sesi\u00f3n en ese sitio web.<\/p>\n<h2>Con qui\u00e9n compartimos tus datos<\/h2>\n<p>Si solicitas restablecer una contrase\u00f1a, tu direcci\u00f3n IP se incluir\u00e1 en el correo electr\u00f3nico de restablecimiento.<\/p>\n<h2>Duraci\u00f3n en que se retienen tus datos<\/h2>\n<p>Si dejas un comentario, el comentario y sus metadatos se retienen indefinidamente. Esto es para que podamos reconocer y aprobar autom\u00e1ticamente cualquier comentario de seguimiento en lugar de mantenerlos en una cola de moderaci\u00f3n.<\/p>\n<p>Para los usuarios que se registren en nuestro sitio web (si los hay), tambi\u00e9n almacenamos la informaci\u00f3n personal que proporcionan en su perfil de usuario. Todos los usuarios pueden ver, editar o eliminar su informaci\u00f3n personal en cualquier momento (excepto que no pueden cambiar su nombre de usuario). Los administradores del sitio web tambi\u00e9n pueden ver y editar esa informaci\u00f3n.<\/p>\n<h2>Tus derechos sobre tus datos<\/h2>\n<p>Si tienes una cuenta en este sitio o has dejado comentarios, puedes solicitar recibir un archivo exportado de los datos personales que tenemos sobre ti, incluidos los datos que nos has proporcionado. Tambi\u00e9n puedes solicitar que eliminemos cualquier dato personal que tengamos sobre ti. Esto no incluye ning\u00fan dato que estemos obligados a conservar con fines administrativos, legales o de seguridad.<\/p>\n<h2>Destino de tus datos<\/h2>\n<p>Los comentarios de los visitantes pueden ser revisados a trav\u00e9s de un servicio automatizado de detecci\u00f3n de spam.<\/p>\n<p>[\/et_pb_text][\/et_pb_column][\/et_pb_row][\/et_pb_section]<\/p>\n","protected":false},"excerpt":{"rendered":"<p>Qui\u00e9nes somos Nuestra direcci\u00f3n de sitio web es: https:\/\/thefactorystudio.net. Comentarios Cuando los visitantes dejan comentarios en el sitio, recopilamos los datos que se muestran en el formulario de comentarios, as\u00ed como la direcci\u00f3n IP del visitante y la cadena del agente de usuario del navegador para ayudar a detectar el correo no deseado. Se puede [&hellip;]<\/p>\n","protected":false},"author":2,"featured_media":0,"parent":0,"menu_order":101,"comment_status":"closed","ping_status":"closed","template":"","meta":{"_et_pb_use_builder":"on","_et_pb_old_content":"<p>[et_pb_section fb_built=\"1\" _builder_version=\"4.21.0\" _module_preset=\"01ea40f7-2b86-4a20-a650-73fce4faed06\" global_colors_info=\"{}\"][et_pb_row _builder_version=\"4.21.0\" _module_preset=\"default\" global_colors_info=\"{}\"][et_pb_column type=\"4_4\" _builder_version=\"4.21.0\" _module_preset=\"default\" global_colors_info=\"{}\"][et_pb_blurb title=\"@ET-DC@eyJkeW5hbWljIjp0cnVlLCJjb250ZW50IjoicG9zdF90aXRsZSIsInNldHRpbmdzIjp7ImJlZm9yZSI6IiIsImFmdGVyIjoiIn19@\" admin_label=\"Blurb Title (h2)\" _builder_version=\"4.21.0\" _dynamic_attributes=\"title\" _module_preset=\"e82ca1a5-2698-45a3-be60-72000ebf3dd5\" locked=\"off\" global_colors_info=\"{}\"][\/et_pb_blurb][et_pb_text _builder_version=\"4.21.0\" _module_preset=\"default\" hover_enabled=\"0\" global_colors_info=\"{}\" sticky_enabled=\"0\"]<\/p><h2>Who we are<\/h2><p>Our website address is: https:\/\/thefactorystudio.net.<\/p><h2>Comments<\/h2><p>When visitors leave comments on the site we collect the data shown in the comments form, and also the visitor\u2019s IP address and browser user agent string to help spam detection.<\/p><p>An anonymized string created from your email address (also called a hash) may be provided to the Gravatar service to see if you are using it. The Gravatar service privacy policy is available here: https:\/\/automattic.com\/privacy\/. After approval of your comment, your profile picture is visible to the public in the context of your comment.<\/p><h2>Media<\/h2><p>If you upload images to the website, you should avoid uploading images with embedded location data (EXIF GPS) included. Visitors to the website can download and extract any location data from images on the website.<\/p><h2>Cookies<\/h2><p>If you leave a comment on our site you may opt-in to saving your name, email address and website in cookies. These are for your convenience so that you do not have to fill in your details again when you leave another comment. These cookies will last for one year.<\/p><p>If you visit our login page, we will set a temporary cookie to determine if your browser accepts cookies. This cookie contains no personal data and is discarded when you close your browser.<\/p><p>When you log in, we will also set up several cookies to save your login information and your screen display choices. Login cookies last for two days, and screen options cookies last for a year. If you select \"Remember Me\", your login will persist for two weeks. If you log out of your account, the login cookies will be removed.<\/p><p>If you edit or publish an article, an additional cookie will be saved in your browser. This cookie includes no personal data and simply indicates the post ID of the article you just edited. It expires after 1 day.<\/p><h2>Embedded content from other websites<\/h2><p>Articles on this site may include embedded content (e.g. videos, images, articles, etc.). Embedded content from other websites behaves in the exact same way as if the visitor has visited the other website.<\/p><p>These websites may collect data about you, use cookies, embed additional third-party tracking, and monitor your interaction with that embedded content, including tracking your interaction with the embedded content if you have an account and are logged in to that website.<\/p><h2>Who we share your data with<\/h2><p>If you request a password reset, your IP address will be included in the reset email.<\/p><h2>How long we retain your data<\/h2><p>If you leave a comment, the comment and its metadata are retained indefinitely. This is so we can recognize and approve any follow-up comments automatically instead of holding them in a moderation queue.<\/p><p>For users that register on our website (if any), we also store the personal information they provide in their user profile. All users can see, edit, or delete their personal information at any time (except they cannot change their username). Website administrators can also see and edit that information.<\/p><h2>What rights you have over your data<\/h2><p>If you have an account on this site, or have left comments, you can request to receive an exported file of the personal data we hold about you, including any data you have provided to us. You can also request that we erase any personal data we hold about you. This does not include any data we are obliged to keep for administrative, legal, or security purposes.<\/p><h2>Where your data is sent<\/h2><p>Visitor comments may be checked through an automated spam detection service.<\/p><p>[\/et_pb_text][\/et_pb_column][\/et_pb_row][\/et_pb_section]<\/p>","_et_gb_content_width":"","footnotes":""},"class_list":["post-239590","page","type-page","status-publish","hentry"],"_links":{"self":[{"href":"https:\/\/thefactorystudio.net\/es\/wp-json\/wp\/v2\/pages\/239590","targetHints":{"allow":["GET"]}}],"collection":[{"href":"https:\/\/thefactorystudio.net\/es\/wp-json\/wp\/v2\/pages"}],"about":[{"href":"https:\/\/thefactorystudio.net\/es\/wp-json\/wp\/v2\/types\/page"}],"author":[{"embeddable":true,"href":"https:\/\/thefactorystudio.net\/es\/wp-json\/wp\/v2\/users\/2"}],"replies":[{"embeddable":true,"href":"https:\/\/thefactorystudio.net\/es\/wp-json\/wp\/v2\/comments?post=239590"}],"version-history":[{"count":6,"href":"https:\/\/thefactorystudio.net\/es\/wp-json\/wp\/v2\/pages\/239590\/revisions"}],"predecessor-version":[{"id":239598,"href":"https:\/\/thefactorystudio.net\/es\/wp-json\/wp\/v2\/pages\/239590\/revisions\/239598"}],"wp:attachment":[{"href":"https:\/\/thefactorystudio.net\/es\/wp-json\/wp\/v2\/media?parent=239590"}],"curies":[{"name":"wp","href":"https:\/\/api.w.org\/{rel}","templated":true}]}}